{"id":1564,"date":"2020-12-01T16:56:59","date_gmt":"2020-12-01T13:56:59","guid":{"rendered":"http:\/\/www.grafas.org\/demo05\/?page_id=1564"},"modified":"2022-07-07T07:25:02","modified_gmt":"2022-07-07T11:25:02","slug":"portfolio","status":"publish","type":"page","link":"https:\/\/agencebsb.com\/fr\/portfolio\/","title":{"rendered":"Portfolio"},"content":{"rendered":"<div data-elementor-type=\"wp-page\" data-elementor-id=\"1564\" class=\"elementor elementor-1564\">\n\t\t\t\t\t\t<section class=\"elementor-section elementor-top-section elementor-element elementor-element-673110c elementor-section-boxed elementor-section-height-default elementor-section-height-default\" data-id=\"673110c\" data-element_type=\"section\" data-e-type=\"section\" data-settings=\"{&quot;background_background&quot;:&quot;classic&quot;}\">\n\t\t\t\t\t\t\t<div class=\"elementor-background-overlay\"><\/div>\n\t\t\t\t\t\t\t<div class=\"elementor-container elementor-column-gap-default\">\n\t\t\t\t\t<div class=\"elementor-column elementor-col-50 elementor-top-column elementor-element elementor-element-3afb89c\" data-id=\"3afb89c\" data-element_type=\"column\" data-e-type=\"column\">\n\t\t\t<div class=\"elementor-widget-wrap elementor-element-populated\">\n\t\t\t\t\t\t<div class=\"elementor-element elementor-element-b845d81 elementor-widget elementor-widget-heading\" data-id=\"b845d81\" data-element_type=\"widget\" data-e-type=\"widget\" data-widget_type=\"heading.default\">\n\t\t\t\t<div class=\"elementor-widget-container\">\n\t\t\t\t\t<h1 class=\"elementor-heading-title elementor-size-default\">Portfolio<\/h1>\t\t\t\t<\/div>\n\t\t\t\t<\/div>\n\t\t\t\t\t<\/div>\n\t\t<\/div>\n\t\t\t\t<div class=\"elementor-column elementor-col-50 elementor-top-column elementor-element elementor-element-19ff1b7\" data-id=\"19ff1b7\" data-element_type=\"column\" data-e-type=\"column\">\n\t\t\t<div class=\"elementor-widget-wrap\">\n\t\t\t\t\t\t\t<\/div>\n\t\t<\/div>\n\t\t\t\t\t<\/div>\n\t\t<\/section>\n\t\t\t\t<section class=\"elementor-section elementor-top-section elementor-element elementor-element-e408ec9 elementor-section-boxed elementor-section-height-default elementor-section-height-default\" data-id=\"e408ec9\" data-element_type=\"section\" data-e-type=\"section\">\n\t\t\t\t\t\t<div class=\"elementor-container elementor-column-gap-default\">\n\t\t\t\t\t<div class=\"elementor-column elementor-col-100 elementor-top-column elementor-element elementor-element-5cfeac0\" data-id=\"5cfeac0\" data-element_type=\"column\" data-e-type=\"column\">\n\t\t\t<div class=\"elementor-widget-wrap elementor-element-populated\">\n\t\t\t\t\t\t<section class=\"elementor-section elementor-inner-section elementor-element elementor-element-2c6ac87 elementor-section-boxed elementor-section-height-default elementor-section-height-default\" data-id=\"2c6ac87\" data-element_type=\"section\" data-e-type=\"section\">\n\t\t\t\t\t\t<div class=\"elementor-container elementor-column-gap-default\">\n\t\t\t\t\t<div class=\"elementor-column elementor-col-50 elementor-inner-column elementor-element elementor-element-2116c6f\" data-id=\"2116c6f\" data-element_type=\"column\" data-e-type=\"column\">\n\t\t\t<div class=\"elementor-widget-wrap elementor-element-populated\">\n\t\t\t\t\t\t<div class=\"elementor-element elementor-element-ac7fb62 elementor-widget elementor-widget-heading\" data-id=\"ac7fb62\" data-element_type=\"widget\" data-e-type=\"widget\" data-widget_type=\"heading.default\">\n\t\t\t\t<div class=\"elementor-widget-container\">\n\t\t\t\t\t<h3 class=\"elementor-heading-title elementor-size-default\">Notre portfolio de marque<\/h3>\t\t\t\t<\/div>\n\t\t\t\t<\/div>\n\t\t\t\t<div class=\"elementor-element elementor-element-eff59de elementor-widget elementor-widget-text-editor\" data-id=\"eff59de\" data-element_type=\"widget\" data-e-type=\"widget\" data-widget_type=\"text-editor.default\">\n\t\t\t\t<div class=\"elementor-widget-container\">\n\t\t\t\t\t\t\t\t\t<p>Vous \u00eates n\u00e9 avec votre propre authenticit\u00e9. Vous pouvez donc faire la diff\u00e9rence sur le march\u00e9 gr\u00e2ce \u00e0 votre empreinte personnelle et \u00e0 votre identit\u00e9 de marque. Laissez BSB strategy vous aider \u00e0 cr\u00e9er et \u00e0 d\u00e9velopper votre marque.<\/p>\t\t\t\t\t\t\t\t<\/div>\n\t\t\t\t<\/div>\n\t\t\t\t\t<\/div>\n\t\t<\/div>\n\t\t\t\t<div class=\"elementor-column elementor-col-50 elementor-inner-column elementor-element elementor-element-3663a5a\" data-id=\"3663a5a\" data-element_type=\"column\" data-e-type=\"column\">\n\t\t\t<div class=\"elementor-widget-wrap\">\n\t\t\t\t\t\t\t<\/div>\n\t\t<\/div>\n\t\t\t\t\t<\/div>\n\t\t<\/section>\n\t\t\t\t<div class=\"elementor-element elementor-element-331d02f gallery-spacing-custom elementor-widget elementor-widget-image-gallery\" data-id=\"331d02f\" data-element_type=\"widget\" data-e-type=\"widget\" data-widget_type=\"image-gallery.default\">\n\t\t\t\t<div class=\"elementor-widget-container\">\n\t\t\t\t\t\t\t<div class=\"elementor-image-gallery\">\n\t\t\t<div id='gallery-1' class='gallery galleryid-1564 gallery-columns-1 gallery-size-full'><figure class='gallery-item'>\n\t\t\t<div class='gallery-icon landscape'>\n\t\t\t\t<a data-elementor-open-lightbox=\"no\" href='https:\/\/agencebsb.com\/wp-content\/uploads\/2022\/05\/BSB-Consiegerie.png'><img fetchpriority=\"high\" decoding=\"async\" width=\"1920\" height=\"1080\" src=\"https:\/\/agencebsb.com\/wp-content\/uploads\/2022\/05\/BSB-Consiegerie.png\" class=\"attachment-full size-full\" alt=\"\" srcset=\"https:\/\/agencebsb.com\/wp-content\/uploads\/2022\/05\/BSB-Consiegerie.png 1920w, https:\/\/agencebsb.com\/wp-content\/uploads\/2022\/05\/BSB-Consiegerie-300x169.png 300w, https:\/\/agencebsb.com\/wp-content\/uploads\/2022\/05\/BSB-Consiegerie-1024x576.png 1024w, https:\/\/agencebsb.com\/wp-content\/uploads\/2022\/05\/BSB-Consiegerie-768x432.png 768w, https:\/\/agencebsb.com\/wp-content\/uploads\/2022\/05\/BSB-Consiegerie-1536x864.png 1536w\" sizes=\"(max-width: 1920px) 100vw, 1920px\" \/><\/a>\n\t\t\t<\/div><\/figure><figure class='gallery-item'>\n\t\t\t<div class='gallery-icon landscape'>\n\t\t\t\t<a data-elementor-open-lightbox=\"no\" href='https:\/\/agencebsb.com\/wp-content\/uploads\/2022\/05\/BSB-Releve-Entreprise.png'><img decoding=\"async\" width=\"1920\" height=\"1080\" src=\"https:\/\/agencebsb.com\/wp-content\/uploads\/2022\/05\/BSB-Releve-Entreprise.png\" class=\"attachment-full size-full\" alt=\"\" srcset=\"https:\/\/agencebsb.com\/wp-content\/uploads\/2022\/05\/BSB-Releve-Entreprise.png 1920w, https:\/\/agencebsb.com\/wp-content\/uploads\/2022\/05\/BSB-Releve-Entreprise-300x169.png 300w, https:\/\/agencebsb.com\/wp-content\/uploads\/2022\/05\/BSB-Releve-Entreprise-1024x576.png 1024w, https:\/\/agencebsb.com\/wp-content\/uploads\/2022\/05\/BSB-Releve-Entreprise-768x432.png 768w, https:\/\/agencebsb.com\/wp-content\/uploads\/2022\/05\/BSB-Releve-Entreprise-1536x864.png 1536w\" sizes=\"(max-width: 1920px) 100vw, 1920px\" \/><\/a>\n\t\t\t<\/div><\/figure><figure class='gallery-item'>\n\t\t\t<div class='gallery-icon landscape'>\n\t\t\t\t<a data-elementor-open-lightbox=\"no\" href='https:\/\/agencebsb.com\/wp-content\/uploads\/2022\/05\/BSB-Releve-Entreprise-2.png'><img decoding=\"async\" width=\"1920\" height=\"1080\" src=\"https:\/\/agencebsb.com\/wp-content\/uploads\/2022\/05\/BSB-Releve-Entreprise-2.png\" class=\"attachment-full size-full\" alt=\"\" srcset=\"https:\/\/agencebsb.com\/wp-content\/uploads\/2022\/05\/BSB-Releve-Entreprise-2.png 1920w, https:\/\/agencebsb.com\/wp-content\/uploads\/2022\/05\/BSB-Releve-Entreprise-2-300x169.png 300w, https:\/\/agencebsb.com\/wp-content\/uploads\/2022\/05\/BSB-Releve-Entreprise-2-1024x576.png 1024w, https:\/\/agencebsb.com\/wp-content\/uploads\/2022\/05\/BSB-Releve-Entreprise-2-768x432.png 768w, https:\/\/agencebsb.com\/wp-content\/uploads\/2022\/05\/BSB-Releve-Entreprise-2-1536x864.png 1536w\" sizes=\"(max-width: 1920px) 100vw, 1920px\" \/><\/a>\n\t\t\t<\/div><\/figure><figure class='gallery-item'>\n\t\t\t<div class='gallery-icon landscape'>\n\t\t\t\t<a data-elementor-open-lightbox=\"no\" href='https:\/\/agencebsb.com\/wp-content\/uploads\/2022\/05\/BSB-YDTAX.png'><img loading=\"lazy\" decoding=\"async\" width=\"1920\" height=\"1080\" src=\"https:\/\/agencebsb.com\/wp-content\/uploads\/2022\/05\/BSB-YDTAX.png\" class=\"attachment-full size-full\" alt=\"\" srcset=\"https:\/\/agencebsb.com\/wp-content\/uploads\/2022\/05\/BSB-YDTAX.png 1920w, https:\/\/agencebsb.com\/wp-content\/uploads\/2022\/05\/BSB-YDTAX-300x169.png 300w, https:\/\/agencebsb.com\/wp-content\/uploads\/2022\/05\/BSB-YDTAX-1024x576.png 1024w, https:\/\/agencebsb.com\/wp-content\/uploads\/2022\/05\/BSB-YDTAX-768x432.png 768w, https:\/\/agencebsb.com\/wp-content\/uploads\/2022\/05\/BSB-YDTAX-1536x864.png 1536w\" sizes=\"(max-width: 1920px) 100vw, 1920px\" \/><\/a>\n\t\t\t<\/div><\/figure><figure class='gallery-item'>\n\t\t\t<div class='gallery-icon landscape'>\n\t\t\t\t<a data-elementor-open-lightbox=\"no\" href='https:\/\/agencebsb.com\/wp-content\/uploads\/2022\/05\/8.png'><img loading=\"lazy\" decoding=\"async\" width=\"1920\" height=\"1080\" src=\"https:\/\/agencebsb.com\/wp-content\/uploads\/2022\/05\/8.png\" class=\"attachment-full size-full\" alt=\"\" srcset=\"https:\/\/agencebsb.com\/wp-content\/uploads\/2022\/05\/8.png 1920w, https:\/\/agencebsb.com\/wp-content\/uploads\/2022\/05\/8-300x169.png 300w, https:\/\/agencebsb.com\/wp-content\/uploads\/2022\/05\/8-1024x576.png 1024w, https:\/\/agencebsb.com\/wp-content\/uploads\/2022\/05\/8-768x432.png 768w, https:\/\/agencebsb.com\/wp-content\/uploads\/2022\/05\/8-1536x864.png 1536w\" sizes=\"(max-width: 1920px) 100vw, 1920px\" \/><\/a>\n\t\t\t<\/div><\/figure><figure class='gallery-item'>\n\t\t\t<div class='gallery-icon landscape'>\n\t\t\t\t<a data-elementor-open-lightbox=\"no\" href='https:\/\/agencebsb.com\/wp-content\/uploads\/2022\/05\/BSB-Interim-Emploi.png'><img loading=\"lazy\" decoding=\"async\" width=\"1920\" height=\"1080\" src=\"https:\/\/agencebsb.com\/wp-content\/uploads\/2022\/05\/BSB-Interim-Emploi.png\" class=\"attachment-full size-full\" alt=\"\" srcset=\"https:\/\/agencebsb.com\/wp-content\/uploads\/2022\/05\/BSB-Interim-Emploi.png 1920w, https:\/\/agencebsb.com\/wp-content\/uploads\/2022\/05\/BSB-Interim-Emploi-300x169.png 300w, https:\/\/agencebsb.com\/wp-content\/uploads\/2022\/05\/BSB-Interim-Emploi-1024x576.png 1024w, https:\/\/agencebsb.com\/wp-content\/uploads\/2022\/05\/BSB-Interim-Emploi-768x432.png 768w, https:\/\/agencebsb.com\/wp-content\/uploads\/2022\/05\/BSB-Interim-Emploi-1536x864.png 1536w\" sizes=\"(max-width: 1920px) 100vw, 1920px\" \/><\/a>\n\t\t\t<\/div><\/figure><figure class='gallery-item'>\n\t\t\t<div class='gallery-icon landscape'>\n\t\t\t\t<a data-elementor-open-lightbox=\"no\" href='https:\/\/agencebsb.com\/wp-content\/uploads\/2022\/05\/Projets-BSB.jpg'><img loading=\"lazy\" decoding=\"async\" width=\"1920\" height=\"1080\" src=\"https:\/\/agencebsb.com\/wp-content\/uploads\/2022\/05\/Projets-BSB.jpg\" class=\"attachment-full size-full\" alt=\"\" srcset=\"https:\/\/agencebsb.com\/wp-content\/uploads\/2022\/05\/Projets-BSB.jpg 1920w, https:\/\/agencebsb.com\/wp-content\/uploads\/2022\/05\/Projets-BSB-300x169.jpg 300w, https:\/\/agencebsb.com\/wp-content\/uploads\/2022\/05\/Projets-BSB-1024x576.jpg 1024w, https:\/\/agencebsb.com\/wp-content\/uploads\/2022\/05\/Projets-BSB-768x432.jpg 768w, https:\/\/agencebsb.com\/wp-content\/uploads\/2022\/05\/Projets-BSB-1536x864.jpg 1536w\" sizes=\"(max-width: 1920px) 100vw, 1920px\" \/><\/a>\n\t\t\t<\/div><\/figure><figure class='gallery-item'>\n\t\t\t<div class='gallery-icon landscape'>\n\t\t\t\t<a data-elementor-open-lightbox=\"no\" href='https:\/\/agencebsb.com\/wp-content\/uploads\/2022\/05\/11-1.png'><img loading=\"lazy\" decoding=\"async\" width=\"1920\" height=\"1080\" src=\"https:\/\/agencebsb.com\/wp-content\/uploads\/2022\/05\/11-1.png\" class=\"attachment-full size-full\" alt=\"\" srcset=\"https:\/\/agencebsb.com\/wp-content\/uploads\/2022\/05\/11-1.png 1920w, https:\/\/agencebsb.com\/wp-content\/uploads\/2022\/05\/11-1-300x169.png 300w, https:\/\/agencebsb.com\/wp-content\/uploads\/2022\/05\/11-1-1024x576.png 1024w, https:\/\/agencebsb.com\/wp-content\/uploads\/2022\/05\/11-1-768x432.png 768w, https:\/\/agencebsb.com\/wp-content\/uploads\/2022\/05\/11-1-1536x864.png 1536w\" sizes=\"(max-width: 1920px) 100vw, 1920px\" \/><\/a>\n\t\t\t<\/div><\/figure><figure class='gallery-item'>\n\t\t\t<div class='gallery-icon landscape'>\n\t\t\t\t<a data-elementor-open-lightbox=\"no\" href='https:\/\/agencebsb.com\/wp-content\/uploads\/2022\/05\/3-2.png'><img loading=\"lazy\" decoding=\"async\" width=\"1920\" height=\"1080\" src=\"https:\/\/agencebsb.com\/wp-content\/uploads\/2022\/05\/3-2.png\" class=\"attachment-full size-full\" alt=\"\" srcset=\"https:\/\/agencebsb.com\/wp-content\/uploads\/2022\/05\/3-2.png 1920w, https:\/\/agencebsb.com\/wp-content\/uploads\/2022\/05\/3-2-300x169.png 300w, https:\/\/agencebsb.com\/wp-content\/uploads\/2022\/05\/3-2-1024x576.png 1024w, https:\/\/agencebsb.com\/wp-content\/uploads\/2022\/05\/3-2-768x432.png 768w, https:\/\/agencebsb.com\/wp-content\/uploads\/2022\/05\/3-2-1536x864.png 1536w\" sizes=\"(max-width: 1920px) 100vw, 1920px\" \/><\/a>\n\t\t\t<\/div><\/figure><figure class='gallery-item'>\n\t\t\t<div class='gallery-icon landscape'>\n\t\t\t\t<a data-elementor-open-lightbox=\"no\" href='https:\/\/agencebsb.com\/wp-content\/uploads\/2022\/05\/16.png'><img loading=\"lazy\" decoding=\"async\" width=\"1920\" height=\"1080\" src=\"https:\/\/agencebsb.com\/wp-content\/uploads\/2022\/05\/16.png\" class=\"attachment-full size-full\" alt=\"\" srcset=\"https:\/\/agencebsb.com\/wp-content\/uploads\/2022\/05\/16.png 1920w, https:\/\/agencebsb.com\/wp-content\/uploads\/2022\/05\/16-300x169.png 300w, https:\/\/agencebsb.com\/wp-content\/uploads\/2022\/05\/16-1024x576.png 1024w, https:\/\/agencebsb.com\/wp-content\/uploads\/2022\/05\/16-768x432.png 768w, https:\/\/agencebsb.com\/wp-content\/uploads\/2022\/05\/16-1536x864.png 1536w\" sizes=\"(max-width: 1920px) 100vw, 1920px\" \/><\/a>\n\t\t\t<\/div><\/figure><figure class='gallery-item'>\n\t\t\t<div class='gallery-icon landscape'>\n\t\t\t\t<a data-elementor-open-lightbox=\"no\" href='https:\/\/agencebsb.com\/wp-content\/uploads\/2022\/05\/BSB-Dermalyse.png'><img loading=\"lazy\" decoding=\"async\" width=\"1920\" height=\"1080\" src=\"https:\/\/agencebsb.com\/wp-content\/uploads\/2022\/05\/BSB-Dermalyse.png\" class=\"attachment-full size-full\" alt=\"\" srcset=\"https:\/\/agencebsb.com\/wp-content\/uploads\/2022\/05\/BSB-Dermalyse.png 1920w, https:\/\/agencebsb.com\/wp-content\/uploads\/2022\/05\/BSB-Dermalyse-300x169.png 300w, https:\/\/agencebsb.com\/wp-content\/uploads\/2022\/05\/BSB-Dermalyse-1024x576.png 1024w, https:\/\/agencebsb.com\/wp-content\/uploads\/2022\/05\/BSB-Dermalyse-768x432.png 768w, https:\/\/agencebsb.com\/wp-content\/uploads\/2022\/05\/BSB-Dermalyse-1536x864.png 1536w\" sizes=\"(max-width: 1920px) 100vw, 1920px\" \/><\/a>\n\t\t\t<\/div><\/figure><figure class='gallery-item'>\n\t\t\t<div class='gallery-icon landscape'>\n\t\t\t\t<a data-elementor-open-lightbox=\"no\" href='https:\/\/agencebsb.com\/wp-content\/uploads\/2022\/05\/BSB-Dermalyse-2.png'><img loading=\"lazy\" decoding=\"async\" width=\"1920\" height=\"1080\" src=\"https:\/\/agencebsb.com\/wp-content\/uploads\/2022\/05\/BSB-Dermalyse-2.png\" class=\"attachment-full size-full\" alt=\"\" srcset=\"https:\/\/agencebsb.com\/wp-content\/uploads\/2022\/05\/BSB-Dermalyse-2.png 1920w, https:\/\/agencebsb.com\/wp-content\/uploads\/2022\/05\/BSB-Dermalyse-2-300x169.png 300w, https:\/\/agencebsb.com\/wp-content\/uploads\/2022\/05\/BSB-Dermalyse-2-1024x576.png 1024w, https:\/\/agencebsb.com\/wp-content\/uploads\/2022\/05\/BSB-Dermalyse-2-768x432.png 768w, https:\/\/agencebsb.com\/wp-content\/uploads\/2022\/05\/BSB-Dermalyse-2-1536x864.png 1536w\" sizes=\"(max-width: 1920px) 100vw, 1920px\" \/><\/a>\n\t\t\t<\/div><\/figure><figure class='gallery-item'>\n\t\t\t<div class='gallery-icon landscape'>\n\t\t\t\t<a data-elementor-open-lightbox=\"no\" href='https:\/\/agencebsb.com\/wp-content\/uploads\/2022\/05\/BSB-Yulmaz.png'><img loading=\"lazy\" decoding=\"async\" width=\"1920\" height=\"1080\" src=\"https:\/\/agencebsb.com\/wp-content\/uploads\/2022\/05\/BSB-Yulmaz.png\" class=\"attachment-full size-full\" alt=\"\" srcset=\"https:\/\/agencebsb.com\/wp-content\/uploads\/2022\/05\/BSB-Yulmaz.png 1920w, https:\/\/agencebsb.com\/wp-content\/uploads\/2022\/05\/BSB-Yulmaz-300x169.png 300w, https:\/\/agencebsb.com\/wp-content\/uploads\/2022\/05\/BSB-Yulmaz-1024x576.png 1024w, https:\/\/agencebsb.com\/wp-content\/uploads\/2022\/05\/BSB-Yulmaz-768x432.png 768w, https:\/\/agencebsb.com\/wp-content\/uploads\/2022\/05\/BSB-Yulmaz-1536x864.png 1536w\" sizes=\"(max-width: 1920px) 100vw, 1920px\" \/><\/a>\n\t\t\t<\/div><\/figure><figure class='gallery-item'>\n\t\t\t<div class='gallery-icon landscape'>\n\t\t\t\t<a data-elementor-open-lightbox=\"no\" href='https:\/\/agencebsb.com\/wp-content\/uploads\/2022\/05\/BSB-Yulmaz-2.png'><img loading=\"lazy\" decoding=\"async\" width=\"1920\" height=\"1080\" src=\"https:\/\/agencebsb.com\/wp-content\/uploads\/2022\/05\/BSB-Yulmaz-2.png\" class=\"attachment-full size-full\" alt=\"\" srcset=\"https:\/\/agencebsb.com\/wp-content\/uploads\/2022\/05\/BSB-Yulmaz-2.png 1920w, https:\/\/agencebsb.com\/wp-content\/uploads\/2022\/05\/BSB-Yulmaz-2-300x169.png 300w, https:\/\/agencebsb.com\/wp-content\/uploads\/2022\/05\/BSB-Yulmaz-2-1024x576.png 1024w, https:\/\/agencebsb.com\/wp-content\/uploads\/2022\/05\/BSB-Yulmaz-2-768x432.png 768w, https:\/\/agencebsb.com\/wp-content\/uploads\/2022\/05\/BSB-Yulmaz-2-1536x864.png 1536w\" sizes=\"(max-width: 1920px) 100vw, 1920px\" \/><\/a>\n\t\t\t<\/div><\/figure><figure class='gallery-item'>\n\t\t\t<div class='gallery-icon landscape'>\n\t\t\t\t<a data-elementor-open-lightbox=\"no\" href='https:\/\/agencebsb.com\/wp-content\/uploads\/2022\/05\/14-1.png'><img loading=\"lazy\" decoding=\"async\" width=\"1920\" height=\"1080\" src=\"https:\/\/agencebsb.com\/wp-content\/uploads\/2022\/05\/14-1.png\" class=\"attachment-full size-full\" alt=\"\" srcset=\"https:\/\/agencebsb.com\/wp-content\/uploads\/2022\/05\/14-1.png 1920w, https:\/\/agencebsb.com\/wp-content\/uploads\/2022\/05\/14-1-300x169.png 300w, https:\/\/agencebsb.com\/wp-content\/uploads\/2022\/05\/14-1-1024x576.png 1024w, https:\/\/agencebsb.com\/wp-content\/uploads\/2022\/05\/14-1-768x432.png 768w, https:\/\/agencebsb.com\/wp-content\/uploads\/2022\/05\/14-1-1536x864.png 1536w\" sizes=\"(max-width: 1920px) 100vw, 1920px\" \/><\/a>\n\t\t\t<\/div><\/figure><figure class='gallery-item'>\n\t\t\t<div class='gallery-icon landscape'>\n\t\t\t\t<a data-elementor-open-lightbox=\"no\" href='https:\/\/agencebsb.com\/wp-content\/uploads\/2022\/05\/5.png'><img loading=\"lazy\" decoding=\"async\" width=\"1920\" height=\"1080\" src=\"https:\/\/agencebsb.com\/wp-content\/uploads\/2022\/05\/5.png\" class=\"attachment-full size-full\" alt=\"\" srcset=\"https:\/\/agencebsb.com\/wp-content\/uploads\/2022\/05\/5.png 1920w, https:\/\/agencebsb.com\/wp-content\/uploads\/2022\/05\/5-300x169.png 300w, https:\/\/agencebsb.com\/wp-content\/uploads\/2022\/05\/5-1024x576.png 1024w, https:\/\/agencebsb.com\/wp-content\/uploads\/2022\/05\/5-768x432.png 768w, https:\/\/agencebsb.com\/wp-content\/uploads\/2022\/05\/5-1536x864.png 1536w\" sizes=\"(max-width: 1920px) 100vw, 1920px\" \/><\/a>\n\t\t\t<\/div><\/figure><figure class='gallery-item'>\n\t\t\t<div class='gallery-icon landscape'>\n\t\t\t\t<a data-elementor-open-lightbox=\"no\" href='https:\/\/agencebsb.com\/wp-content\/uploads\/2022\/05\/4-2.png'><img loading=\"lazy\" decoding=\"async\" width=\"1920\" height=\"1080\" src=\"https:\/\/agencebsb.com\/wp-content\/uploads\/2022\/05\/4-2.png\" class=\"attachment-full size-full\" alt=\"\" srcset=\"https:\/\/agencebsb.com\/wp-content\/uploads\/2022\/05\/4-2.png 1920w, https:\/\/agencebsb.com\/wp-content\/uploads\/2022\/05\/4-2-300x169.png 300w, https:\/\/agencebsb.com\/wp-content\/uploads\/2022\/05\/4-2-1024x576.png 1024w, https:\/\/agencebsb.com\/wp-content\/uploads\/2022\/05\/4-2-768x432.png 768w, https:\/\/agencebsb.com\/wp-content\/uploads\/2022\/05\/4-2-1536x864.png 1536w\" sizes=\"(max-width: 1920px) 100vw, 1920px\" \/><\/a>\n\t\t\t<\/div><\/figure><figure class='gallery-item'>\n\t\t\t<div class='gallery-icon landscape'>\n\t\t\t\t<a data-elementor-open-lightbox=\"no\" href='https:\/\/agencebsb.com\/wp-content\/uploads\/2022\/05\/bsb-restochichkhane.png'><img loading=\"lazy\" decoding=\"async\" width=\"1920\" height=\"1080\" src=\"https:\/\/agencebsb.com\/wp-content\/uploads\/2022\/05\/bsb-restochichkhane.png\" class=\"attachment-full size-full\" alt=\"\" srcset=\"https:\/\/agencebsb.com\/wp-content\/uploads\/2022\/05\/bsb-restochichkhane.png 1920w, https:\/\/agencebsb.com\/wp-content\/uploads\/2022\/05\/bsb-restochichkhane-300x169.png 300w, https:\/\/agencebsb.com\/wp-content\/uploads\/2022\/05\/bsb-restochichkhane-1024x576.png 1024w, https:\/\/agencebsb.com\/wp-content\/uploads\/2022\/05\/bsb-restochichkhane-768x432.png 768w, https:\/\/agencebsb.com\/wp-content\/uploads\/2022\/05\/bsb-restochichkhane-1536x864.png 1536w\" sizes=\"(max-width: 1920px) 100vw, 1920px\" \/><\/a>\n\t\t\t<\/div><\/figure><figure class='gallery-item'>\n\t\t\t<div class='gallery-icon landscape'>\n\t\t\t\t<a data-elementor-open-lightbox=\"no\" href='https:\/\/agencebsb.com\/wp-content\/uploads\/2022\/07\/48.png'><img loading=\"lazy\" decoding=\"async\" width=\"1920\" height=\"1080\" src=\"https:\/\/agencebsb.com\/wp-content\/uploads\/2022\/07\/48.png\" class=\"attachment-full size-full\" alt=\"\" srcset=\"https:\/\/agencebsb.com\/wp-content\/uploads\/2022\/07\/48.png 1920w, https:\/\/agencebsb.com\/wp-content\/uploads\/2022\/07\/48-300x169.png 300w, https:\/\/agencebsb.com\/wp-content\/uploads\/2022\/07\/48-1024x576.png 1024w, https:\/\/agencebsb.com\/wp-content\/uploads\/2022\/07\/48-768x432.png 768w, https:\/\/agencebsb.com\/wp-content\/uploads\/2022\/07\/48-1536x864.png 1536w, https:\/\/agencebsb.com\/wp-content\/uploads\/2022\/07\/48-18x10.png 18w\" sizes=\"(max-width: 1920px) 100vw, 1920px\" \/><\/a>\n\t\t\t<\/div><\/figure>\n\t\t<\/div>\n\t\t<\/div>\n\t\t\t\t\t\t<\/div>\n\t\t\t\t<\/div>\n\t\t\t\t\t<\/div>\n\t\t<\/div>\n\t\t\t\t\t<\/div>\n\t\t<\/section>\n\t\t\t\t<section class=\"elementor-section elementor-top-section elementor-element elementor-element-f7e04ed elementor-section-boxed elementor-section-height-default elementor-section-height-default\" data-id=\"f7e04ed\" data-element_type=\"section\" data-e-type=\"section\" data-settings=\"{&quot;background_background&quot;:&quot;classic&quot;}\">\n\t\t\t\t\t\t\t<div class=\"elementor-background-overlay\"><\/div>\n\t\t\t\t\t\t\t<div class=\"elementor-container elementor-column-gap-default\">\n\t\t\t\t\t<div class=\"elementor-column elementor-col-100 elementor-top-column elementor-element elementor-element-a2a584f\" data-id=\"a2a584f\" data-element_type=\"column\" data-e-type=\"column\">\n\t\t\t<div class=\"elementor-widget-wrap elementor-element-populated\">\n\t\t\t\t\t\t<div class=\"elementor-element elementor-element-970db43 elementor-widget elementor-widget-heading\" data-id=\"970db43\" data-element_type=\"widget\" data-e-type=\"widget\" data-widget_type=\"heading.default\">\n\t\t\t\t<div class=\"elementor-widget-container\">\n\t\t\t\t\t<h2 class=\"elementor-heading-title elementor-size-default\">Pr\u00eat \u00e0 d\u00e9velopper votre entreprise ?<\/h2>\t\t\t\t<\/div>\n\t\t\t\t<\/div>\n\t\t\t\t<div class=\"elementor-element elementor-element-e8f907d elementor-widget elementor-widget-text-editor\" data-id=\"e8f907d\" data-element_type=\"widget\" data-e-type=\"widget\" data-widget_type=\"text-editor.default\">\n\t\t\t\t<div class=\"elementor-widget-container\">\n\t\t\t\t\t\t\t\t\t<p>Laissez nos consultants vous pr\u00e9senter les concepts et les outils de branding qui sont essentiels \u00e0 la croissance de votre entreprise.<\/p>\t\t\t\t\t\t\t\t<\/div>\n\t\t\t\t<\/div>\n\t\t\t\t<div class=\"elementor-element elementor-element-43a09d8 elementor-align-center elementor-widget elementor-widget-button\" data-id=\"43a09d8\" data-element_type=\"widget\" data-e-type=\"widget\" data-widget_type=\"button.default\">\n\t\t\t\t<div class=\"elementor-widget-container\">\n\t\t\t\t\t\t\t\t\t<div class=\"elementor-button-wrapper\">\n\t\t\t\t\t<a class=\"elementor-button elementor-button-link elementor-size-md\" href=\"https:\/\/calendly.com\/fouzia_zina\/appel-gratuit?month=2022-05\" target=\"_blank\" rel=\"noopener\">\n\t\t\t\t\t\t<span class=\"elementor-button-content-wrapper\">\n\t\t\t\t\t\t\t\t\t<span class=\"elementor-button-text\">Commencer<\/span>\n\t\t\t\t\t<\/span>\n\t\t\t\t\t<\/a>\n\t\t\t\t<\/div>\n\t\t\t\t\t\t\t\t<\/div>\n\t\t\t\t<\/div>\n\t\t\t\t\t<\/div>\n\t\t<\/div>\n\t\t\t\t\t<\/div>\n\t\t<\/section>\n\t\t\t\t<\/div>","protected":false},"excerpt":{"rendered":"<p>Portfolio Our Branding Portfolio You were born with your own unique authenticity, so you can make a difference in the marketplace with your personal imprint and brand identity. Let BSB strategy help you create and develop your brand. Ready to Grow Your Business? Let our consultants introduce you to the branding concepts and tools that&#8230;<\/p>","protected":false},"author":1,"featured_media":0,"parent":0,"menu_order":0,"comment_status":"closed","ping_status":"closed","template":"","meta":{"_kadence_starter_templates_imported_post":true,"_kad_post_transparent":"","_kad_post_title":"hide","_kad_post_layout":"fullwidth","_kad_post_sidebar_id":"","_kad_post_content_style":"unboxed","_kad_post_vertical_padding":"hide","_kad_post_feature":"hide","_kad_post_feature_position":"","_kad_post_header":false,"_kad_post_footer":false,"_kad_post_classname":"","footnotes":""},"class_list":["post-1564","page","type-page","status-publish","hentry"],"_links":{"self":[{"href":"https:\/\/agencebsb.com\/fr\/wp-json\/wp\/v2\/pages\/1564","targetHints":{"allow":["GET"]}}],"collection":[{"href":"https:\/\/agencebsb.com\/fr\/wp-json\/wp\/v2\/pages"}],"about":[{"href":"https:\/\/agencebsb.com\/fr\/wp-json\/wp\/v2\/types\/page"}],"author":[{"embeddable":true,"href":"https:\/\/agencebsb.com\/fr\/wp-json\/wp\/v2\/users\/1"}],"replies":[{"embeddable":true,"href":"https:\/\/agencebsb.com\/fr\/wp-json\/wp\/v2\/comments?post=1564"}],"version-history":[{"count":7,"href":"https:\/\/agencebsb.com\/fr\/wp-json\/wp\/v2\/pages\/1564\/revisions"}],"predecessor-version":[{"id":2834,"href":"https:\/\/agencebsb.com\/fr\/wp-json\/wp\/v2\/pages\/1564\/revisions\/2834"}],"wp:attachment":[{"href":"https:\/\/agencebsb.com\/fr\/wp-json\/wp\/v2\/media?parent=1564"}],"curies":[{"name":"wp","href":"https:\/\/api.w.org\/{rel}","templated":true}]}}